{"id":252,"date":"2023-03-07T09:53:15","date_gmt":"2023-03-07T08:53:15","guid":{"rendered":"https:\/\/www.maglificioinnocenti.it\/?page_id=252"},"modified":"2024-11-21T11:59:27","modified_gmt":"2024-11-21T10:59:27","slug":"information-sur-la-responsabilite-sociale","status":"publish","type":"page","link":"https:\/\/www.maglificioinnocenti.it\/fr\/information-sur-la-responsabilite-sociale","title":{"rendered":"Information sur la responsabilit\u00e9 sociale"},"content":{"rendered":"\n<p>Maglificio Innocenti S.p.a., eu \u00e9gard au contexte institutionnel, \u00e9conomique, politique et social au coeur duquel elle op\u00e8re, reconna\u00eet la grande importance des aspects environnementaux, de la dimension sociale de l\u2019entreprise et des responsabilit\u00e9s qui en d\u00e9coulent, raison pour laquelle elle cible, \u00e0 la fois dans sa fa\u00e7on d\u2019op\u00e9rer quotidienne et dans une perspective strat\u00e9gique, la r\u00e9alisation totale dont \u00e0 la Norme SA8000:2014. Ceci signifie attribuer une importance correcte et pleinement transparente de son \u00ab patrimoine humain \u00bb ainsi que sensibiliser toutes les parties prenantes, \u00e0 la fois internes et externes, au respect des principes de Responsabilit\u00e9 Sociale fix\u00e9s dans la norme SA8000 (Social Accountability), des prescriptions l\u00e9gales applicables et des autres prescriptions que l\u2019organisation fait siennes.<br>La Norme Internationale SA8000 \u00e9value en effet la Responsabilit\u00e9 Sociale d\u2019Entreprise, \u00e0 savoir le niveau \u00e9thique, moral et social de l\u2019entreprise.<br>Le concept de Responsabilit\u00e9 Sociale signifie non seulement que l\u2019entreprise a r\u00e9dig\u00e9 son propre Code \u00c9thique, mais aussi qu\u2019elle garantit que tous ses produits et services rentrent dans un syst\u00e8me de qualit\u00e9, de respect de l\u2019environnement et d\u2019\u00e9thique sociale. En effet, seuls les organismes accr\u00e9dit\u00e9s peuvent certifier le syst\u00e8me SA8000.<br>L\u2019adoption de cette Norme conduit \u00e0 privil\u00e9gier les entreprises qui prouvent, outre leurs savoir-faire technique et de gestion, leur sensibilit\u00e9 vis-\u00e0-vis des probl\u00e8mes \u00e9thiques et sociaux sans qu\u2019il y ait de charges additionnelles pour les clients.<br>En vertu de quoi l\u2019entreprise s\u2019engage \u00e0 \u00e9tablir le respect des normes et des conventions internationales en mati\u00e8re de:<\/p>\n\n\n\n<ul>\n<li>Travail des enfants et des mineurs<\/li>\n\n\n\n<li>Travaux forc\u00e9s et impos\u00e9s<\/li>\n\n\n\n<li>Sant\u00e9 et s\u00e9curit\u00e9 sur le lieu de travail<\/li>\n\n\n\n<li>Libert\u00e9 de groupement syndical<\/li>\n\n\n\n<li>Discrimination<\/li>\n\n\n\n<li>Pratiques disciplinaires<\/li>\n\n\n\n<li>Temps de travail et salaire<\/li>\n<\/ul>\n\n\n\n<p>Les engagements que Maglificio Innocenti s&rsquo;engage \u00e0 adh\u00e9rer \u00e0 la norme SA 8000 sont sp\u00e9cifi\u00e9s dans la<br>Note d\u2019Information sur la Responsabilit\u00e9 Sociale ci-jointe.<br>La Direction de l\u2019Entreprise esp\u00e8re obtenir, \u00e0 tous les niveaux, une collaboration maximum pour atteindre les objectifs de qualit\u00e9 et de responsabilit\u00e9 sociale qu\u2019elle s\u2019est fix\u00e9s et la consolidation qui en d\u00e9coule de sa place au sein du monde de la coop\u00e9ration sociale.<\/p>\n\n\n<p><a class=\"button-1 align-items-center\" href=\"https:\/\/www.maglificioinnocenti.it\/wp-content\/uploads\/2024\/06\/politica-sa8000-fr-rev1.pdf\" target=\"_blank\" rel=\"noopener\">Politique sur la responsabilit\u00e9 sociale<span><\/span><\/a><\/p>\n<p><a class=\"button-1 align-items-center\" href=\"https:\/\/www.maglificioinnocenti.it\/wp-content\/uploads\/2024\/11\/informativa-responsaibilita-sociale-fr.pdf\" target=\"_blank\" rel=\"noopener\">Information sur la Responsabilit\u00e9 Sociale<span><\/span><\/a><\/p>","protected":false},"excerpt":{"rendered":"<p>Maglificio Innocenti S.p.a., eu \u00e9gard au contexte institutionnel, \u00e9conomique, politique et social au coeur duquel elle op\u00e8re, reconna\u00eet la grande importance des aspects environnementaux, de la dimension sociale de l\u2019entreprise et des responsabilit\u00e9s qui en d\u00e9coulent, raison pour laquelle elle cible, \u00e0 la fois dans sa fa\u00e7on d\u2019op\u00e9rer quotidienne et dans une perspective strat\u00e9gique, la <a href=\"https:\/\/www.maglificioinnocenti.it\/fr\/information-sur-la-responsabilite-sociale\" class=\"more-link\">&#8230;<span class=\"screen-reader-text\">  Information sur la responsabilit\u00e9 sociale<\/span><\/a><\/p>\n","protected":false},"author":1,"featured_media":0,"parent":0,"menu_order":0,"comment_status":"closed","ping_status":"closed","template":"","meta":[],"yoast_head":"<!-- This site is optimized with the Yoast SEO plugin v20.6 - https:\/\/yoast.com\/wordpress\/plugins\/seo\/ -->\n<title>Information sur la responsabilit\u00e9 sociale - Maglificio Innocenti<\/title>\n<meta name=\"robots\" content=\"index, follow, max-snippet:-1, max-image-preview:large, max-video-preview:-1\" \/>\n<link rel=\"canonical\" href=\"https:\/\/www.maglificioinnocenti.it\/fr\/information-sur-la-responsabilite-sociale\" \/>\n<meta property=\"og:locale\" content=\"fr_FR\" \/>\n<meta property=\"og:type\" content=\"article\" \/>\n<meta property=\"og:title\" content=\"Information sur la responsabilit\u00e9 sociale - Maglificio Innocenti\" \/>\n<meta property=\"og:description\" content=\"Maglificio Innocenti S.p.a., eu \u00e9gard au contexte institutionnel, \u00e9conomique, politique et social au coeur duquel elle op\u00e8re, reconna\u00eet la grande importance des aspects environnementaux, de la dimension sociale de l\u2019entreprise et des responsabilit\u00e9s qui en d\u00e9coulent, raison pour laquelle elle cible, \u00e0 la fois dans sa fa\u00e7on d\u2019op\u00e9rer quotidienne et dans une perspective strat\u00e9gique, la ... Information sur la responsabilit\u00e9 sociale\" \/>\n<meta property=\"og:url\" content=\"https:\/\/www.maglificioinnocenti.it\/fr\/information-sur-la-responsabilite-sociale\" \/>\n<meta property=\"og:site_name\" content=\"Maglificio Innocenti\" \/>\n<meta property=\"article:modified_time\" content=\"2024-11-21T10:59:27+00:00\" \/>\n<meta name=\"twitter:card\" content=\"summary_large_image\" \/>\n<meta name=\"twitter:label1\" content=\"Dur\u00e9e de lecture estim\u00e9e\" \/>\n\t<meta name=\"twitter:data1\" content=\"2 minutes\" \/>\n<script type=\"application\/ld+json\" class=\"yoast-schema-graph\">{\"@context\":\"https:\/\/schema.org\",\"@graph\":[{\"@type\":\"WebPage\",\"@id\":\"https:\/\/www.maglificioinnocenti.it\/fr\/information-sur-la-responsabilite-sociale\",\"url\":\"https:\/\/www.maglificioinnocenti.it\/fr\/information-sur-la-responsabilite-sociale\",\"name\":\"Information sur la responsabilit\u00e9 sociale - Maglificio Innocenti\",\"isPartOf\":{\"@id\":\"https:\/\/www.maglificioinnocenti.it\/#website\"},\"datePublished\":\"2023-03-07T08:53:15+00:00\",\"dateModified\":\"2024-11-21T10:59:27+00:00\",\"breadcrumb\":{\"@id\":\"https:\/\/www.maglificioinnocenti.it\/fr\/information-sur-la-responsabilite-sociale#breadcrumb\"},\"inLanguage\":\"fr-FR\",\"potentialAction\":[{\"@type\":\"ReadAction\",\"target\":[\"https:\/\/www.maglificioinnocenti.it\/fr\/information-sur-la-responsabilite-sociale\"]}]},{\"@type\":\"BreadcrumbList\",\"@id\":\"https:\/\/www.maglificioinnocenti.it\/fr\/information-sur-la-responsabilite-sociale#breadcrumb\",\"itemListElement\":[{\"@type\":\"ListItem\",\"position\":1,\"name\":\"Home\",\"item\":\"https:\/\/www.maglificioinnocenti.it\/fr\/page-daccueil\"},{\"@type\":\"ListItem\",\"position\":2,\"name\":\"Information sur la responsabilit\u00e9 sociale\"}]},{\"@type\":\"WebSite\",\"@id\":\"https:\/\/www.maglificioinnocenti.it\/#website\",\"url\":\"https:\/\/www.maglificioinnocenti.it\/\",\"name\":\"Maglificio Innocenti\",\"description\":\"Un nuovo sito targato WordPress\",\"potentialAction\":[{\"@type\":\"SearchAction\",\"target\":{\"@type\":\"EntryPoint\",\"urlTemplate\":\"https:\/\/www.maglificioinnocenti.it\/?s={search_term_string}\"},\"query-input\":\"required name=search_term_string\"}],\"inLanguage\":\"fr-FR\"}]}<\/script>\n<!-- \/ Yoast SEO plugin. -->","yoast_head_json":{"title":"Information sur la responsabilit\u00e9 sociale - Maglificio Innocenti","robots":{"index":"index","follow":"follow","max-snippet":"max-snippet:-1","max-image-preview":"max-image-preview:large","max-video-preview":"max-video-preview:-1"},"canonical":"https:\/\/www.maglificioinnocenti.it\/fr\/information-sur-la-responsabilite-sociale","og_locale":"fr_FR","og_type":"article","og_title":"Information sur la responsabilit\u00e9 sociale - Maglificio Innocenti","og_description":"Maglificio Innocenti S.p.a., eu \u00e9gard au contexte institutionnel, \u00e9conomique, politique et social au coeur duquel elle op\u00e8re, reconna\u00eet la grande importance des aspects environnementaux, de la dimension sociale de l\u2019entreprise et des responsabilit\u00e9s qui en d\u00e9coulent, raison pour laquelle elle cible, \u00e0 la fois dans sa fa\u00e7on d\u2019op\u00e9rer quotidienne et dans une perspective strat\u00e9gique, la ... Information sur la responsabilit\u00e9 sociale","og_url":"https:\/\/www.maglificioinnocenti.it\/fr\/information-sur-la-responsabilite-sociale","og_site_name":"Maglificio Innocenti","article_modified_time":"2024-11-21T10:59:27+00:00","twitter_card":"summary_large_image","twitter_misc":{"Dur\u00e9e de lecture estim\u00e9e":"2 minutes"},"schema":{"@context":"https:\/\/schema.org","@graph":[{"@type":"WebPage","@id":"https:\/\/www.maglificioinnocenti.it\/fr\/information-sur-la-responsabilite-sociale","url":"https:\/\/www.maglificioinnocenti.it\/fr\/information-sur-la-responsabilite-sociale","name":"Information sur la responsabilit\u00e9 sociale - Maglificio Innocenti","isPartOf":{"@id":"https:\/\/www.maglificioinnocenti.it\/#website"},"datePublished":"2023-03-07T08:53:15+00:00","dateModified":"2024-11-21T10:59:27+00:00","breadcrumb":{"@id":"https:\/\/www.maglificioinnocenti.it\/fr\/information-sur-la-responsabilite-sociale#breadcrumb"},"inLanguage":"fr-FR","potentialAction":[{"@type":"ReadAction","target":["https:\/\/www.maglificioinnocenti.it\/fr\/information-sur-la-responsabilite-sociale"]}]},{"@type":"BreadcrumbList","@id":"https:\/\/www.maglificioinnocenti.it\/fr\/information-sur-la-responsabilite-sociale#breadcrumb","itemListElement":[{"@type":"ListItem","position":1,"name":"Home","item":"https:\/\/www.maglificioinnocenti.it\/fr\/page-daccueil"},{"@type":"ListItem","position":2,"name":"Information sur la responsabilit\u00e9 sociale"}]},{"@type":"WebSite","@id":"https:\/\/www.maglificioinnocenti.it\/#website","url":"https:\/\/www.maglificioinnocenti.it\/","name":"Maglificio Innocenti","description":"Un nuovo sito targato WordPress","potentialAction":[{"@type":"SearchAction","target":{"@type":"EntryPoint","urlTemplate":"https:\/\/www.maglificioinnocenti.it\/?s={search_term_string}"},"query-input":"required name=search_term_string"}],"inLanguage":"fr-FR"}]}},"_links":{"self":[{"href":"https:\/\/www.maglificioinnocenti.it\/fr\/wp-json\/wp\/v2\/pages\/252"}],"collection":[{"href":"https:\/\/www.maglificioinnocenti.it\/fr\/wp-json\/wp\/v2\/pages"}],"about":[{"href":"https:\/\/www.maglificioinnocenti.it\/fr\/wp-json\/wp\/v2\/types\/page"}],"author":[{"embeddable":true,"href":"https:\/\/www.maglificioinnocenti.it\/fr\/wp-json\/wp\/v2\/users\/1"}],"replies":[{"embeddable":true,"href":"https:\/\/www.maglificioinnocenti.it\/fr\/wp-json\/wp\/v2\/comments?post=252"}],"version-history":[{"count":6,"href":"https:\/\/www.maglificioinnocenti.it\/fr\/wp-json\/wp\/v2\/pages\/252\/revisions"}],"predecessor-version":[{"id":329,"href":"https:\/\/www.maglificioinnocenti.it\/fr\/wp-json\/wp\/v2\/pages\/252\/revisions\/329"}],"wp:attachment":[{"href":"https:\/\/www.maglificioinnocenti.it\/fr\/wp-json\/wp\/v2\/media?parent=252"}],"curies":[{"name":"wp","href":"https:\/\/api.w.org\/{rel}","templated":true}]}}